{"id":2,"date":"2011-01-23T19:14:01","date_gmt":"2011-01-23T18:14:01","guid":{"rendered":""},"modified":"2021-03-10T23:54:20","modified_gmt":"2021-03-10T22:54:20","slug":"about","status":"publish","type":"page","link":"https:\/\/www.fdelaitre.org\/wp2\/about\/","title":{"rendered":"A propos de ce blog&#8230;"},"content":{"rendered":"<div id=\"dslc-theme-content\"><div id=\"dslc-theme-content-inner\"><p>Quelques informations sur le monde des chemins de fer, sur le mod\u00e9lisme ferroviaire, sur les transports en g\u00e9n\u00e9ral, quelques endroits o\u00f9 je suis pass\u00e9 et des sujets qui me touchent plus particuli\u00e8rement. Ce Blog est un compl\u00e9ment de mon site Web \u00ab\u00a0<a href=\"http:\/\/www.fdelaitre.com\/\">Pages Ferroviaires<\/a>\u00ab\u00a0.<\/p>\n<p>Contact presse : presse@fdelaitre.org<\/p>\n<p>Textes (c) 2008-2021 FD. Photos (c) 1976-2021 FD et collection FD sauf indication contraire. Les liens directs (<em>direct linking<\/em>) vers les images de ce Blog sont prohib\u00e9s.<\/p>\n<\/div><\/div>","protected":false},"excerpt":{"rendered":"<p>Quelques informations sur le monde des chemins de fer, sur le mod\u00e9lisme ferroviaire, sur les transports en g\u00e9n\u00e9ral, quelques endroits o\u00f9 je suis pass\u00e9 et des sujets qui me touchent plus particuli\u00e8rement. Ce Blog est un compl\u00e9ment de mon site Web \u00ab\u00a0Pages Ferroviaires\u00ab\u00a0. Contact presse : presse@fdelaitre.org Textes (c) 2008-2021 FD. Photos (c) 1976-2021 FD [&hellip;]<\/p>\n","protected":false},"author":2,"featured_media":0,"parent":0,"menu_order":0,"comment_status":"open","ping_status":"open","template":"","meta":{"footnotes":""},"_links":{"self":[{"href":"https:\/\/www.fdelaitre.org\/wp2\/wp-json\/wp\/v2\/pages\/2"}],"collection":[{"href":"https:\/\/www.fdelaitre.org\/wp2\/wp-json\/wp\/v2\/pages"}],"about":[{"href":"https:\/\/www.fdelaitre.org\/wp2\/wp-json\/wp\/v2\/types\/page"}],"author":[{"embeddable":true,"href":"https:\/\/www.fdelaitre.org\/wp2\/wp-json\/wp\/v2\/users\/2"}],"replies":[{"embeddable":true,"href":"https:\/\/www.fdelaitre.org\/wp2\/wp-json\/wp\/v2\/comments?post=2"}],"version-history":[{"count":11,"href":"https:\/\/www.fdelaitre.org\/wp2\/wp-json\/wp\/v2\/pages\/2\/revisions"}],"predecessor-version":[{"id":3514,"href":"https:\/\/www.fdelaitre.org\/wp2\/wp-json\/wp\/v2\/pages\/2\/revisions\/3514"}],"wp:attachment":[{"href":"https:\/\/www.fdelaitre.org\/wp2\/wp-json\/wp\/v2\/media?parent=2"}],"curies":[{"name":"wp","href":"https:\/\/api.w.org\/{rel}","templated":true}]}}