{"id":88,"date":"2014-01-03T17:32:20","date_gmt":"2014-01-03T16:32:20","guid":{"rendered":"http:\/\/www.fdelaitre.org\/CEB-test\/?page_id=88"},"modified":"2014-01-12T16:04:41","modified_gmt":"2014-01-12T15:04:41","slug":"militaria","status":"publish","type":"page","link":"http:\/\/www.fdelaitre.org\/CEB\/?page_id=88","title":{"rendered":"Militaria"},"content":{"rendered":"<p style=\"text-align: left;\">\u00c9t\u00e9 1905\u00a0\u00a0le 113e de ligne est en man\u0153uvre \u00e0 Champigny-en-Beauce, ce qui ne manque pas de cr\u00e9er une certaine animation dans le village, comme en t\u00e9moignent plusieurs cartes postales. Le 113e r\u00e9giment d&#8217;infanterie de ligne est un r\u00e9giment Beauceron, au recrutement local. Il est cantonn\u00e9 \u00e0 la caserne Maurice de Saxe \u00e0 Blois (avec un d\u00e9tachement \u00e0 Romorantin)::<\/p>\n<p style=\"text-align: center;\"><a href=\"http:\/\/www.fdelaitre.org\/CEB\/wp-content\/uploads\/2014\/01\/CEB-Militaria_3.jpg\"><img decoding=\"async\" loading=\"lazy\" class=\" wp-image-91 aligncenter\" alt=\"CEB-Militaria_3\" src=\"http:\/\/www.fdelaitre.org\/CEB\/wp-content\/uploads\/2014\/01\/CEB-Militaria_3.jpg\" width=\"646\" height=\"412\" srcset=\"http:\/\/www.fdelaitre.org\/CEB\/wp-content\/uploads\/2014\/01\/CEB-Militaria_3.jpg 808w, http:\/\/www.fdelaitre.org\/CEB\/wp-content\/uploads\/2014\/01\/CEB-Militaria_3-300x191.jpg 300w\" sizes=\"(max-width: 646px) 100vw, 646px\" \/><\/a><\/p>\n<p style=\"text-align: left;\">Devenu le 313e de ligne \u00e0 la mobilisation, ce r\u00e9giment paiera un lourd tribut \u00e0 la Premi\u00e8re Guerre Mondiale, notamment en 1916 sur le front de l&#8217;Argonne et au Chemin des Dames. Comme partout en France\u00a0: le monument aux morts de Champigny-en-Beauce en porte le souvenir. En 1940, nous retrouvons le 113e dans la Campagne de France, toujours r\u00e9giment de r\u00e9serve \u00e0 recrutement majoritairement Beauceron, et toujours dans la tourmente. Le Lieutenant Maurice Guillon, instituteur mobilis\u00e9 en septembre 1939 \u00e0 Blois, en a laiss\u00e9 un <a href=\"http:\/\/s225821866.onlinehome.fr\/spip.php?article96\" target=\"_blank\">t\u00e9moignage saisissant<\/a>.<\/p>\n<p style=\"text-align: center;\"><a href=\"http:\/\/www.fdelaitre.org\/CEB\/wp-content\/uploads\/2014\/01\/CEB-Militaria_1.jpg\"><img decoding=\"async\" loading=\"lazy\" class=\" wp-image-89 aligncenter\" alt=\"CEB-Militaria_1\" src=\"http:\/\/www.fdelaitre.org\/CEB\/wp-content\/uploads\/2014\/01\/CEB-Militaria_1.jpg\" width=\"674\" height=\"422\" srcset=\"http:\/\/www.fdelaitre.org\/CEB\/wp-content\/uploads\/2014\/01\/CEB-Militaria_1.jpg 749w, http:\/\/www.fdelaitre.org\/CEB\/wp-content\/uploads\/2014\/01\/CEB-Militaria_1-300x187.jpg 300w\" sizes=\"(max-width: 674px) 100vw, 674px\" \/><\/a><\/p>\n<p style=\"text-align: center;\"><a href=\"http:\/\/www.fdelaitre.org\/CEB\/wp-content\/uploads\/2014\/01\/CEB-Militaria_2.jpg\"><img decoding=\"async\" loading=\"lazy\" class=\"size-full wp-image-90 aligncenter\" alt=\"CEB-Militaria_2\" src=\"http:\/\/www.fdelaitre.org\/CEB\/wp-content\/uploads\/2014\/01\/CEB-Militaria_2.jpg\" width=\"675\" height=\"503\" srcset=\"http:\/\/www.fdelaitre.org\/CEB\/wp-content\/uploads\/2014\/01\/CEB-Militaria_2.jpg 675w, http:\/\/www.fdelaitre.org\/CEB\/wp-content\/uploads\/2014\/01\/CEB-Militaria_2-300x223.jpg 300w\" sizes=\"(max-width: 675px) 100vw, 675px\" \/><\/a><\/p>\n<p style=\"text-align: center;\"><a href=\"http:\/\/www.fdelaitre.org\/CEB\/wp-content\/uploads\/2014\/01\/CEB-Militaria_4.jpg\"><img decoding=\"async\" loading=\"lazy\" class=\"size-full wp-image-92 aligncenter\" alt=\"CEB-Militaria_4\" src=\"http:\/\/www.fdelaitre.org\/CEB\/wp-content\/uploads\/2014\/01\/CEB-Militaria_4.jpg\" width=\"274\" height=\"439\" srcset=\"http:\/\/www.fdelaitre.org\/CEB\/wp-content\/uploads\/2014\/01\/CEB-Militaria_4.jpg 274w, http:\/\/www.fdelaitre.org\/CEB\/wp-content\/uploads\/2014\/01\/CEB-Militaria_4-187x300.jpg 187w\" sizes=\"(max-width: 274px) 100vw, 274px\" \/><\/a><\/p>\n<p style=\"text-align: center;\"><a href=\"http:\/\/www.fdelaitre.org\/CEB\/wp-content\/uploads\/2014\/01\/CEB-Militaria_5.jpg\"><img decoding=\"async\" loading=\"lazy\" class=\"size-full wp-image-93 aligncenter\" alt=\"CEB-Militaria_5\" src=\"http:\/\/www.fdelaitre.org\/CEB\/wp-content\/uploads\/2014\/01\/CEB-Militaria_5.jpg\" width=\"409\" height=\"263\" srcset=\"http:\/\/www.fdelaitre.org\/CEB\/wp-content\/uploads\/2014\/01\/CEB-Militaria_5.jpg 409w, http:\/\/www.fdelaitre.org\/CEB\/wp-content\/uploads\/2014\/01\/CEB-Militaria_5-300x192.jpg 300w\" sizes=\"(max-width: 409px) 100vw, 409px\" \/><\/a><\/p>\n<p>\u00a0Man\u0153uvres du 113e de ligne : brancardage dans la cour de la Ferme de la Fontaine.<br \/>\n(document aimablement communiqu\u00e9 par Mme M.C. Brault).<\/p>\n<p style=\"text-align: center;\"><a href=\"http:\/\/www.fdelaitre.org\/CEB\/wp-content\/uploads\/2014\/01\/CEB-Militaria_6.jpg\"><img decoding=\"async\" loading=\"lazy\" class=\"wp-image-94 aligncenter\" alt=\"CEB-Militaria_6\" src=\"http:\/\/www.fdelaitre.org\/CEB\/wp-content\/uploads\/2014\/01\/CEB-Militaria_6.jpg\" width=\"501\" height=\"322\" srcset=\"http:\/\/www.fdelaitre.org\/CEB\/wp-content\/uploads\/2014\/01\/CEB-Militaria_6.jpg 501w, http:\/\/www.fdelaitre.org\/CEB\/wp-content\/uploads\/2014\/01\/CEB-Militaria_6-300x192.jpg 300w\" sizes=\"(max-width: 501px) 100vw, 501px\" \/><\/a><\/p>\n<p style=\"text-align: center;\"><a href=\"http:\/\/www.fdelaitre.org\/CEB\/wp-content\/uploads\/2014\/01\/CEB-Militaria_7.jpg\"><img decoding=\"async\" loading=\"lazy\" class=\"wp-image-95 aligncenter\" alt=\"CEB-Militaria_7\" src=\"http:\/\/www.fdelaitre.org\/CEB\/wp-content\/uploads\/2014\/01\/CEB-Militaria_7.jpg\" width=\"501\" height=\"325\" srcset=\"http:\/\/www.fdelaitre.org\/CEB\/wp-content\/uploads\/2014\/01\/CEB-Militaria_7.jpg 501w, http:\/\/www.fdelaitre.org\/CEB\/wp-content\/uploads\/2014\/01\/CEB-Militaria_7-300x194.jpg 300w\" sizes=\"(max-width: 501px) 100vw, 501px\" \/><\/a><\/p>\n","protected":false},"excerpt":{"rendered":"<p>\u00c9t\u00e9 1905\u00a0\u00a0le 113e de ligne est en man\u0153uvre \u00e0 Champigny-en-Beauce, ce qui ne manque pas de cr\u00e9er une certaine animation dans le village, comme en t\u00e9moignent plusieurs cartes postales. Le 113e r\u00e9giment d&#8217;infanterie de ligne est un r\u00e9giment Beauceron, au recrutement local. Il est cantonn\u00e9 \u00e0 la caserne Maurice de Saxe \u00e0 Blois (avec un [&hellip;]<\/p>\n","protected":false},"author":1,"featured_media":0,"parent":0,"menu_order":0,"comment_status":"open","ping_status":"open","template":"","meta":{"_links_to":"","_links_to_target":""},"_links":{"self":[{"href":"http:\/\/www.fdelaitre.org\/CEB\/index.php?rest_route=\/wp\/v2\/pages\/88"}],"collection":[{"href":"http:\/\/www.fdelaitre.org\/CEB\/index.php?rest_route=\/wp\/v2\/pages"}],"about":[{"href":"http:\/\/www.fdelaitre.org\/CEB\/index.php?rest_route=\/wp\/v2\/types\/page"}],"author":[{"embeddable":true,"href":"http:\/\/www.fdelaitre.org\/CEB\/index.php?rest_route=\/wp\/v2\/users\/1"}],"replies":[{"embeddable":true,"href":"http:\/\/www.fdelaitre.org\/CEB\/index.php?rest_route=%2Fwp%2Fv2%2Fcomments&post=88"}],"version-history":[{"count":8,"href":"http:\/\/www.fdelaitre.org\/CEB\/index.php?rest_route=\/wp\/v2\/pages\/88\/revisions"}],"predecessor-version":[{"id":165,"href":"http:\/\/www.fdelaitre.org\/CEB\/index.php?rest_route=\/wp\/v2\/pages\/88\/revisions\/165"}],"wp:attachment":[{"href":"http:\/\/www.fdelaitre.org\/CEB\/index.php?rest_route=%2Fwp%2Fv2%2Fmedia&parent=88"}],"curies":[{"name":"wp","href":"https:\/\/api.w.org\/{rel}","templated":true}]}}